{"id":226,"date":"2024-05-01T16:29:58","date_gmt":"2024-05-01T16:29:58","guid":{"rendered":"https:\/\/pedantic-elbakyan.188-165-233-156.plesk.page\/?page_id=226"},"modified":"2024-10-11T10:40:29","modified_gmt":"2024-10-11T10:40:29","slug":"percorsi-iblei","status":"publish","type":"page","link":"https:\/\/www.dimoradispartivento.it\/index.php\/percorsi-iblei\/","title":{"rendered":"Percorsi"},"content":{"rendered":"<div class=\"wpb-content-wrapper\"><p>[vc_row css_animation=&#8221;&#8221; row_type=&#8221;row&#8221; use_row_as_full_screen_section=&#8221;no&#8221; type=&#8221;grid&#8221; angled_section=&#8221;no&#8221; text_align=&#8221;left&#8221; background_image_as_pattern=&#8221;without_pattern&#8221; z_index=&#8221;&#8221; css=&#8221;.vc_custom_1728643227595{padding-top: 158px !important;padding-bottom: 192px !important;background-image: url(https:\/\/www.dimoradispartivento.it\/wp-content\/uploads\/2024\/05\/percorsi-cover.jpg?id=342) !important;background-position: center !important;background-repeat: no-repeat !important;background-size: cover !important;}&#8221;][vc_column][vc_column_text]<\/p>\n<h2 style=\"text-align: center;\"><span style=\"color: #ffffff;\">PERCORSI<\/span><\/h2>\n<p>[\/vc_column_text][\/vc_column][\/vc_row][vc_row css_animation=&#8221;&#8221; row_type=&#8221;row&#8221; use_row_as_full_screen_section=&#8221;no&#8221; type=&#8221;full_width&#8221; angled_section=&#8221;no&#8221; text_align=&#8221;left&#8221; background_image_as_pattern=&#8221;without_pattern&#8221;][vc_column][vc_empty_space height=&#8221;70px&#8221;][\/vc_column][\/vc_row][vc_row css_animation=&#8221;&#8221; row_type=&#8221;row&#8221; use_row_as_full_screen_section=&#8221;no&#8221; type=&#8221;grid&#8221; angled_section=&#8221;no&#8221; text_align=&#8221;left&#8221; background_image_as_pattern=&#8221;without_pattern&#8221; z_index=&#8221;&#8221;][vc_column width=&#8221;1\/3&#8243;][vc_column_text css=&#8221;&#8221;]<\/p>\n<h3>Ragusa<\/h3>\n<p>[\/vc_column_text][vc_empty_space][vc_column_text css=&#8221;&#8221;]\u00c8 uno dei centri del Val di Noto la cui vita venne sconvolta dal terremoto del gennaio 1693. Edificata su una roccia calcarea fra due valloni dirupati, la sua ricostruzione \u00e8 un caso unico poich\u00e9 diede vita a due nuclei urbani ben distinti: la Ragusa vera e propria e Ibla, un incantevole nucleo di impianto medioevale ma di aspetto barocco. Il suo fascino straordinario nasce proprio dal connubio tra la ricchezza ornamentale barocca e l&#8217;intrico di stradine medioevali che si intersecano a pi\u00f9 riprese. Volete esplorare i gioielli del Val di Noto? In collaborazione con guide professioniste possiamo organizzare per i nostri ospiti diversi pacchetti. Per maggiori dettagli scrivi a\u00a0<a class=\"link_rosso\" href=\"mailto:info@dimoradispartivento.it\">info@dimoradispartivento.it<\/a> e chiedi al nostro concierge.[\/vc_column_text][\/vc_column][vc_column width=&#8221;2\/3&#8243;][vc_single_image image=&#8221;410&#8243; img_size=&#8221;full&#8221; css=&#8221;&#8221; qode_css_animation=&#8221;&#8221;][\/vc_column][\/vc_row][vc_row css_animation=&#8221;&#8221; row_type=&#8221;row&#8221; use_row_as_full_screen_section=&#8221;no&#8221; type=&#8221;full_width&#8221; angled_section=&#8221;no&#8221; text_align=&#8221;left&#8221; background_image_as_pattern=&#8221;without_pattern&#8221;][vc_column][vc_empty_space height=&#8221;40px&#8221;][\/vc_column][\/vc_row][vc_row css_animation=&#8221;&#8221; row_type=&#8221;row&#8221; use_row_as_full_screen_section=&#8221;no&#8221; type=&#8221;grid&#8221; angled_section=&#8221;no&#8221; text_align=&#8221;left&#8221; background_image_as_pattern=&#8221;without_pattern&#8221; z_index=&#8221;&#8221;][vc_column width=&#8221;2\/3&#8243;][vc_single_image image=&#8221;418&#8243; img_size=&#8221;full&#8221; css=&#8221;&#8221; qode_css_animation=&#8221;&#8221;][\/vc_column][vc_column width=&#8221;1\/3&#8243;][vc_column_text css=&#8221;&#8221;]<\/p>\n<h3>Modica<\/h3>\n<p>[\/vc_column_text][vc_empty_space][vc_column_text css=&#8221;&#8221;]Modica \u00e8 una pittoresca cittadina ricostruita quasi totalmente in stile tardo-barocco dopo il terremoto del 1693. Ci\u00f2 che la rende affascinante \u00e8 la presenza di stradine e vicoletti ricchi di botteghe e casupole o antichi palazzi, che trasmettono la sensazione di una cittadina fuori dal tempo. \u00c8 suddivisa in Modica Alta, con le sue costruzioni addossate al fianco della montagna, e Modica Bassa, che invece sorge nella valle sottostante, una volta percorsa da due fiumi adesso interrati. Tipica produzione della citt\u00e0 \u00e8 il famoso cioccolato, prodotta seguendo un&#8217;antica ricetta azteca, presente certamente almeno dal primo decennio del &#8216;600, quando la Sicilia dipendeva dal Regno di Spagna. Volete esplorare i gioielli del Val di Noto? In collaborazione con guide professioniste possiamo organizzare per i nostri ospiti diversi pacchetti. Per maggiori dettagli scrivi a\u00a0<a class=\"link_rosso\" href=\"mailto:info@dimoradispartivento.it\">info@dimoradispartivento.it<\/a>\u00a0e chiedi al nostro concierge.[\/vc_column_text][\/vc_column][\/vc_row][vc_row css_animation=&#8221;&#8221; row_type=&#8221;row&#8221; use_row_as_full_screen_section=&#8221;no&#8221; type=&#8221;full_width&#8221; angled_section=&#8221;no&#8221; text_align=&#8221;left&#8221; background_image_as_pattern=&#8221;without_pattern&#8221;][vc_column][vc_empty_space height=&#8221;40px&#8221;][\/vc_column][\/vc_row][vc_row css_animation=&#8221;&#8221; row_type=&#8221;row&#8221; use_row_as_full_screen_section=&#8221;no&#8221; type=&#8221;grid&#8221; angled_section=&#8221;no&#8221; text_align=&#8221;left&#8221; background_image_as_pattern=&#8221;without_pattern&#8221; z_index=&#8221;&#8221;][vc_column width=&#8221;1\/3&#8243;][vc_column_text css=&#8221;&#8221;]<\/p>\n<h3>Comiso<\/h3>\n<p>[\/vc_column_text][vc_empty_space][vc_column_text css=&#8221;&#8221;]I primi insediamenti nella zona di Comiso risalgono al neolitico. Dal 1493, quando fu ceduto all&#8217;antica famiglia nobile dei Naselli, il feudo si espanse notevolmente, sviluppando la piccola propriet\u00e0 terriera e l&#8217;artigianato. Dal 1600 lo sviluppo urbano e la crescita demografica subirono un notevole arresto, passando per la peste del 1624 ed il terremoto del 1693. Ma i comisani, con grande forza di volont\u00e0, ricostruirono la citt\u00e0, possibilmente pi\u00f9 bella di come era prima, sempre sotto l&#8217;egida dei Naselli. Volete esplorare i gioielli del Val di Noto? In collaborazione con guide professioniste possiamo organizzare per i nostri ospiti diversi pacchetti. Per maggiori dettagli scrivi a\u00a0<a class=\"link_rosso\" href=\"mailto:info@dimoradispartivento.it\">info@dimoradispartivento.it<\/a>\u00a0e chiedi al nostro concierge.[\/vc_column_text][\/vc_column][vc_column width=&#8221;2\/3&#8243;][vc_single_image image=&#8221;420&#8243; img_size=&#8221;full&#8221; css=&#8221;&#8221; qode_css_animation=&#8221;&#8221;][\/vc_column][\/vc_row][vc_row css_animation=&#8221;&#8221; row_type=&#8221;row&#8221; use_row_as_full_screen_section=&#8221;no&#8221; type=&#8221;full_width&#8221; angled_section=&#8221;no&#8221; text_align=&#8221;left&#8221; background_image_as_pattern=&#8221;without_pattern&#8221;][vc_column][vc_empty_space height=&#8221;40px&#8221;][\/vc_column][\/vc_row][vc_row css_animation=&#8221;&#8221; row_type=&#8221;row&#8221; use_row_as_full_screen_section=&#8221;no&#8221; type=&#8221;grid&#8221; angled_section=&#8221;no&#8221; text_align=&#8221;left&#8221; background_image_as_pattern=&#8221;without_pattern&#8221; z_index=&#8221;&#8221;][vc_column width=&#8221;2\/3&#8243;][vc_single_image image=&#8221;421&#8243; img_size=&#8221;full&#8221; css=&#8221;&#8221; qode_css_animation=&#8221;&#8221;][\/vc_column][vc_column width=&#8221;1\/3&#8243;][vc_column_text css=&#8221;&#8221;]<\/p>\n<h3>Scicli<\/h3>\n<p>[\/vc_column_text][vc_empty_space][vc_column_text css=&#8221;&#8221;]Riconosciuta come Patrimonio dell&#8217;Umanit\u00e0 dall&#8217;UNESCO, dista appena 15 km da Modica e 30 da Ragusa. Il nome Scicli si pensa che derivi da Siclis, uno degli appellativi utilizzati per indicare i Siculi, i famosi popoli del mare che gli egiziani chiamavano Sheklesh. Costruita sul letto di antichi torrenti, circondata da aspri costoni rocciosi \u00e9 piena di meravigliosi edifici barocchi, tra i quali il palazzo Beneventano &#8211; in particolar modo per l&#8217;aspetto scultoreo che caratterizza le sue due facciate fastosamente decorate &#8211; e il Palazzo Fava. Volete esplorare i gioielli del Val di Noto? In collaborazione con guide professioniste possiamo organizzare per i nostri ospiti diversi pacchetti. Per maggiori dettagli scrivi a\u00a0<a class=\"link_rosso\" href=\"mailto:info@dimoradispartivento.it\">info@dimoradispartivento.it<\/a>\u00a0e chiedi al nostro concierge.[\/vc_column_text][\/vc_column][\/vc_row][vc_row css_animation=&#8221;&#8221; row_type=&#8221;row&#8221; use_row_as_full_screen_section=&#8221;no&#8221; type=&#8221;full_width&#8221; angled_section=&#8221;no&#8221; text_align=&#8221;left&#8221; background_image_as_pattern=&#8221;without_pattern&#8221;][vc_column][vc_empty_space height=&#8221;40px&#8221;][\/vc_column][\/vc_row][vc_row css_animation=&#8221;&#8221; row_type=&#8221;row&#8221; use_row_as_full_screen_section=&#8221;no&#8221; type=&#8221;grid&#8221; angled_section=&#8221;no&#8221; text_align=&#8221;left&#8221; background_image_as_pattern=&#8221;without_pattern&#8221; z_index=&#8221;&#8221;][vc_column width=&#8221;1\/3&#8243;][vc_column_text css=&#8221;&#8221;]<\/p>\n<h3>Caltagirone<\/h3>\n<p>[\/vc_column_text][vc_empty_space][vc_column_text css=&#8221;&#8221;]Perla della Sicilia centrale famosa nel mondo per le sue ceramiche e gli edifici del tardo-barocco. Il comune ha una storia millenaria di roccaforte strategica per il controllo delle due piane, quella di Gela e quella di Catania, ed \u00e8 stata insediamento romano, bizantino, arabo e genovese. Oggi Caltagirone vive e prospera grazie al turismo e alle sue raffinate ceramiche, tradizione risalente ai tempi della Magna Grecia. Oltre la famosa Scalinata di Santa Maria del Monte, tra ville, chiese e palazzi antichi, c&#8217;\u00e8 solo da scegliere cosa vedere prima. Fa parte del Val di Noto, dichiarata dall&#8217;Unesco Patrimonio Mondiale dell&#8217;umanit\u00e0. In collaborazione con guide professioniste possiamo organizzare per i nostri ospiti diversi pacchetti. Per maggiori dettagli scrivi a\u00a0<a class=\"link_rosso\" href=\"mailto:info@dimoradispartivento.it\">info@dimoradispartivento.it<\/a>\u00a0e chiedi al nostro concierge.[\/vc_column_text][\/vc_column][vc_column width=&#8221;2\/3&#8243;][vc_single_image image=&#8221;423&#8243; img_size=&#8221;full&#8221; css=&#8221;&#8221; qode_css_animation=&#8221;&#8221;][\/vc_column][\/vc_row][vc_row css_animation=&#8221;&#8221; row_type=&#8221;row&#8221; use_row_as_full_screen_section=&#8221;no&#8221; type=&#8221;full_width&#8221; angled_section=&#8221;no&#8221; text_align=&#8221;left&#8221; background_image_as_pattern=&#8221;without_pattern&#8221;][vc_column][vc_empty_space height=&#8221;40px&#8221;][\/vc_column][\/vc_row][vc_row css_animation=&#8221;&#8221; row_type=&#8221;row&#8221; use_row_as_full_screen_section=&#8221;no&#8221; type=&#8221;grid&#8221; angled_section=&#8221;no&#8221; text_align=&#8221;left&#8221; background_image_as_pattern=&#8221;without_pattern&#8221; z_index=&#8221;&#8221;][vc_column width=&#8221;2\/3&#8243;][vc_single_image image=&#8221;425&#8243; img_size=&#8221;full&#8221; css=&#8221;&#8221; qode_css_animation=&#8221;&#8221;][\/vc_column][vc_column width=&#8221;1\/3&#8243;][vc_column_text css=&#8221;&#8221;]<\/p>\n<h3>Castello di Donnafugata<\/h3>\n<p>[\/vc_column_text][vc_empty_space][vc_column_text css=&#8221;&#8221;]Situato 20 km a ovest di Ragusa, \u00e8 un castello ottocentesco costruito sui resti di un precedente edificio del 1600. Recentemente restaurato, \u00e8 caratterizzato da uno stile gotico fiorito ed \u00e8 adagiato sulle colline, caratterizzate dagli ulivi e i tipici muretti a secco della zona, che guardano a distanza il mare. Particolarmente interessante \u00e8 il giardino che lo circonda, con tanto di Casa del t\u00e9, tempietto e un particolare labirinto di pietra. Volete esplorare i gioielli del Val di Noto? In collaborazione con guide professioniste possiamo organizzare per i nostri ospiti diversi pacchetti. Per maggiori dettagli scrivi a\u00a0<a class=\"link_rosso\" href=\"mailto:info@dimoradispartivento.it\">info@dimoradispartivento.it<\/a>\u00a0e chiedi al nostro concierge.[\/vc_column_text][\/vc_column][\/vc_row][vc_row css_animation=&#8221;&#8221; row_type=&#8221;row&#8221; use_row_as_full_screen_section=&#8221;no&#8221; type=&#8221;full_width&#8221; angled_section=&#8221;no&#8221; text_align=&#8221;left&#8221; background_image_as_pattern=&#8221;without_pattern&#8221;][vc_column][vc_empty_space height=&#8221;40px&#8221;][\/vc_column][\/vc_row][vc_row css_animation=&#8221;&#8221; row_type=&#8221;row&#8221; use_row_as_full_screen_section=&#8221;no&#8221; type=&#8221;grid&#8221; angled_section=&#8221;no&#8221; text_align=&#8221;left&#8221; background_image_as_pattern=&#8221;without_pattern&#8221; z_index=&#8221;&#8221;][vc_column width=&#8221;1\/3&#8243;][vc_column_text css=&#8221;&#8221;]<\/p>\n<h3>Marina di Ragusa, Punta secca, Donnalucata, Sampieri<\/h3>\n<p>[\/vc_column_text][vc_empty_space][vc_column_text css=&#8221;&#8221;]Gli ottanta chilometri di costa sono alternati da tratti sabbiosi molto lunghi e tratti rocciosi interrotti da piccole spiagge. Si tratta per lo pi\u00f9 di spiagge libere caratterizzate da dune e dalla tipica macchia mediterranea. Ma per chi cerca il confort non manca la possibilit\u00e0 di scegliere: le numerose borgate che puntellano la costa sono tutte dotate di spiagge attrezzate, ed in particolare 4 (Marina di Ragusa, Pozzallo, Ciric\u00e0, Santa Maria del Focallo) hanno avuto il riconoscimento della Bandiera Blu a testimoniare l&#8217;alta qualit\u00e0 dei servizi offerti. Per i nostri clienti abbiamo selezionato alcune strutture balneari adatte alle varie esigenze. Vuoi prenotare in anticipo o avere maggiori informazioni? Per maggiori dettagli scrivi a\u00a0<a class=\"link_rosso\" href=\"mailto:info@dimoradispartivento.it\">info@dimoradispartivento.it<\/a>\u00a0e chiedi al nostro concierge.[\/vc_column_text][\/vc_column][vc_column width=&#8221;2\/3&#8243;][vc_single_image image=&#8221;426&#8243; img_size=&#8221;full&#8221; css=&#8221;&#8221; qode_css_animation=&#8221;&#8221;][\/vc_column][\/vc_row][vc_row css_animation=&#8221;&#8221; row_type=&#8221;row&#8221; use_row_as_full_screen_section=&#8221;no&#8221; type=&#8221;full_width&#8221; angled_section=&#8221;no&#8221; text_align=&#8221;left&#8221; background_image_as_pattern=&#8221;without_pattern&#8221;][vc_column][vc_empty_space height=&#8221;40px&#8221;][\/vc_column][\/vc_row][vc_row css_animation=&#8221;&#8221; row_type=&#8221;row&#8221; use_row_as_full_screen_section=&#8221;no&#8221; type=&#8221;grid&#8221; angled_section=&#8221;no&#8221; text_align=&#8221;left&#8221; background_image_as_pattern=&#8221;without_pattern&#8221; z_index=&#8221;&#8221;][vc_column width=&#8221;2\/3&#8243;][vc_single_image image=&#8221;516&#8243; img_size=&#8221;full&#8221; css=&#8221;&#8221; qode_css_animation=&#8221;&#8221;][\/vc_column][vc_column width=&#8221;1\/3&#8243;][vc_column_text css=&#8221;&#8221;]<\/p>\n<h2>I parchi e le riserve naturali<\/h2>\n<p>[\/vc_column_text][vc_empty_space][vc_column_text css=&#8221;&#8221;]Non solo barocco e non solo spiagge. I dintorni di Ragusa offrono per gli amanti della natura aspetti affascinati, spesso meno noti: la Riserva della Macchia Foresta del Fiume Irmino, la Riserva naturale del Pino d&#8217;Aleppo e le Cave d&#8217;Ispica tra le tante. Le prime due, che devono il loro nome alla principale essenza che le caratterizza, sono la dimora prediletta di molti volatili tra i quali il falco di palude, la gallinella d&#8217;acqua, l&#8217;airone cinerino, il germano reale. La Cava d&#8217;Ispica immersa nella tipica vegetazione della macchia mediterranea, custodisce necropoli preistoriche, catacombe cristiane, oratori rupestri, eremi monastici e nuclei abitativi di tipologia varia. Sei amante della natura e vorresti esplorare le nostre riserve? In collaborazione con la\u00a0<strong>Hyblea Birding<\/strong>, abbiamo selezionato diversi percorsi di birdwatching, ed esplorazione, adatti alle varie esigenze. Per maggiori dettagli scrivi a\u00a0<a class=\"link_rosso\" href=\"mailto:info@dimoradispartivento.it\">info@dimoradispartivento.it<\/a>\u00a0e chiedi al nostro concierge.[\/vc_column_text][\/vc_column][\/vc_row][vc_row css_animation=&#8221;&#8221; row_type=&#8221;row&#8221; use_row_as_full_screen_section=&#8221;no&#8221; type=&#8221;full_width&#8221; angled_section=&#8221;no&#8221; text_align=&#8221;left&#8221; background_image_as_pattern=&#8221;without_pattern&#8221;][vc_column][vc_empty_space height=&#8221;70px&#8221;][\/vc_column][\/vc_row]<\/p>\n<\/div>","protected":false},"excerpt":{"rendered":"<p>[vc_row css_animation=&#8221;&#8221; row_type=&#8221;row&#8221; use_row_as_full_screen_section=&#8221;no&#8221; type=&#8221;grid&#8221; angled_section=&#8221;no&#8221; text_align=&#8221;left&#8221; background_image_as_pattern=&#8221;without_pattern&#8221; z_index=&#8221;&#8221; css=&#8221;.vc_custom_1728643227595{padding-top: 158px !important;padding-bottom: 192px !important;background-image: url(https:\/\/www.dimoradispartivento.it\/wp-content\/uploads\/2024\/05\/percorsi-cover.jpg?id=342) !important;background-position: center !important;background-repeat: no-repeat !important;background-size: cover !important;}&#8221;][vc_column][vc_column_text] PERCORSI [\/vc_column_text][\/vc_column][\/vc_row][vc_row css_animation=&#8221;&#8221; row_type=&#8221;row&#8221; use_row_as_full_screen_section=&#8221;no&#8221; type=&#8221;full_width&#8221; angled_section=&#8221;no&#8221; text_align=&#8221;left&#8221; background_image_as_pattern=&#8221;without_pattern&#8221;][vc_column][vc_empty_space height=&#8221;70px&#8221;][\/vc_column][\/vc_row][vc_row css_animation=&#8221;&#8221; row_type=&#8221;row&#8221; use_row_as_full_screen_section=&#8221;no&#8221; type=&#8221;grid&#8221; angled_section=&#8221;no&#8221; text_align=&#8221;left&#8221; background_image_as_pattern=&#8221;without_pattern&#8221; z_index=&#8221;&#8221;][vc_column width=&#8221;1\/3&#8243;][vc_column_text css=&#8221;&#8221;] Ragusa [\/vc_column_text][vc_empty_space][vc_column_text css=&#8221;&#8221;]\u00c8&#8230;<\/p>\n","protected":false},"author":1,"featured_media":0,"parent":0,"menu_order":0,"comment_status":"closed","ping_status":"closed","template":"full_width.php","meta":{"footnotes":""},"class_list":["post-226","page","type-page","status-publish","hentry"],"yoast_head":"<!-- This site is optimized with the Yoast SEO plugin v27.1.1 - https:\/\/yoast.com\/product\/yoast-seo-wordpress\/ -->\n<title>Percorsi - La Dimora di Spartivento<\/title>\n<meta name=\"description\" content=\"La Dimora di Spartivento ti porta alla scoperta di percorsi meravigliosi, tra Ragusa, Modica, Scicli, Caltagirone e Marina di Ragusa.\" \/>\n<meta name=\"robots\" content=\"index, follow, max-snippet:-1, max-image-preview:large, max-video-preview:-1\" \/>\n<link rel=\"canonical\" href=\"https:\/\/www.dimoradispartivento.it\/index.php\/percorsi-iblei\/\" \/>\n<meta property=\"og:locale\" content=\"it_IT\" \/>\n<meta property=\"og:type\" content=\"article\" \/>\n<meta property=\"og:title\" content=\"Percorsi - La Dimora di Spartivento\" \/>\n<meta property=\"og:description\" content=\"La Dimora di Spartivento ti porta alla scoperta di percorsi meravigliosi, tra Ragusa, Modica, Scicli, Caltagirone e Marina di Ragusa.\" \/>\n<meta property=\"og:url\" content=\"https:\/\/www.dimoradispartivento.it\/index.php\/percorsi-iblei\/\" \/>\n<meta property=\"og:site_name\" content=\"La Dimora di Spartivento\" \/>\n<meta property=\"article:publisher\" content=\"https:\/\/www.facebook.com\/dimoradispartivento\" \/>\n<meta property=\"article:modified_time\" content=\"2024-10-11T10:40:29+00:00\" \/>\n<meta name=\"twitter:card\" content=\"summary_large_image\" \/>\n<meta name=\"twitter:label1\" content=\"Tempo di lettura stimato\" \/>\n\t<meta name=\"twitter:data1\" content=\"9 minuti\" \/>\n<script type=\"application\/ld+json\" class=\"yoast-schema-graph\">{\"@context\":\"https:\/\/schema.org\",\"@graph\":[{\"@type\":\"WebPage\",\"@id\":\"https:\/\/www.dimoradispartivento.it\/index.php\/percorsi-iblei\/\",\"url\":\"https:\/\/www.dimoradispartivento.it\/index.php\/percorsi-iblei\/\",\"name\":\"Percorsi - La Dimora di Spartivento\",\"isPartOf\":{\"@id\":\"https:\/\/www.dimoradispartivento.it\/#website\"},\"datePublished\":\"2024-05-01T16:29:58+00:00\",\"dateModified\":\"2024-10-11T10:40:29+00:00\",\"description\":\"La Dimora di Spartivento ti porta alla scoperta di percorsi meravigliosi, tra Ragusa, Modica, Scicli, Caltagirone e Marina di Ragusa.\",\"breadcrumb\":{\"@id\":\"https:\/\/www.dimoradispartivento.it\/index.php\/percorsi-iblei\/#breadcrumb\"},\"inLanguage\":\"it-IT\",\"potentialAction\":[{\"@type\":\"ReadAction\",\"target\":[\"https:\/\/www.dimoradispartivento.it\/index.php\/percorsi-iblei\/\"]}]},{\"@type\":\"BreadcrumbList\",\"@id\":\"https:\/\/www.dimoradispartivento.it\/index.php\/percorsi-iblei\/#breadcrumb\",\"itemListElement\":[{\"@type\":\"ListItem\",\"position\":1,\"name\":\"Home\",\"item\":\"https:\/\/www.dimoradispartivento.it\/\"},{\"@type\":\"ListItem\",\"position\":2,\"name\":\"Percorsi\"}]},{\"@type\":\"WebSite\",\"@id\":\"https:\/\/www.dimoradispartivento.it\/#website\",\"url\":\"https:\/\/www.dimoradispartivento.it\/\",\"name\":\"La Dimora di Spartivento\",\"description\":\"\",\"publisher\":{\"@id\":\"https:\/\/www.dimoradispartivento.it\/#organization\"},\"potentialAction\":[{\"@type\":\"SearchAction\",\"target\":{\"@type\":\"EntryPoint\",\"urlTemplate\":\"https:\/\/www.dimoradispartivento.it\/?s={search_term_string}\"},\"query-input\":{\"@type\":\"PropertyValueSpecification\",\"valueRequired\":true,\"valueName\":\"search_term_string\"}}],\"inLanguage\":\"it-IT\"},{\"@type\":\"Organization\",\"@id\":\"https:\/\/www.dimoradispartivento.it\/#organization\",\"name\":\"La Dimora di Spartivento\",\"url\":\"https:\/\/www.dimoradispartivento.it\/\",\"logo\":{\"@type\":\"ImageObject\",\"inLanguage\":\"it-IT\",\"@id\":\"https:\/\/www.dimoradispartivento.it\/#\/schema\/logo\/image\/\",\"url\":\"https:\/\/pedantic-elbakyan.188-165-233-156.plesk.page\/wp-content\/uploads\/2024\/05\/Logo.jpg\",\"contentUrl\":\"https:\/\/pedantic-elbakyan.188-165-233-156.plesk.page\/wp-content\/uploads\/2024\/05\/Logo.jpg\",\"width\":180,\"height\":198,\"caption\":\"La Dimora di Spartivento\"},\"image\":{\"@id\":\"https:\/\/www.dimoradispartivento.it\/#\/schema\/logo\/image\/\"},\"sameAs\":[\"https:\/\/www.facebook.com\/dimoradispartivento\",\"https:\/\/www.instagram.com\/dimora_di_spartivento\"]}]}<\/script>\n<!-- \/ Yoast SEO plugin. -->","yoast_head_json":{"title":"Percorsi - La Dimora di Spartivento","description":"La Dimora di Spartivento ti porta alla scoperta di percorsi meravigliosi, tra Ragusa, Modica, Scicli, Caltagirone e Marina di Ragusa.","robots":{"index":"index","follow":"follow","max-snippet":"max-snippet:-1","max-image-preview":"max-image-preview:large","max-video-preview":"max-video-preview:-1"},"canonical":"https:\/\/www.dimoradispartivento.it\/index.php\/percorsi-iblei\/","og_locale":"it_IT","og_type":"article","og_title":"Percorsi - La Dimora di Spartivento","og_description":"La Dimora di Spartivento ti porta alla scoperta di percorsi meravigliosi, tra Ragusa, Modica, Scicli, Caltagirone e Marina di Ragusa.","og_url":"https:\/\/www.dimoradispartivento.it\/index.php\/percorsi-iblei\/","og_site_name":"La Dimora di Spartivento","article_publisher":"https:\/\/www.facebook.com\/dimoradispartivento","article_modified_time":"2024-10-11T10:40:29+00:00","twitter_card":"summary_large_image","twitter_misc":{"Tempo di lettura stimato":"9 minuti"},"schema":{"@context":"https:\/\/schema.org","@graph":[{"@type":"WebPage","@id":"https:\/\/www.dimoradispartivento.it\/index.php\/percorsi-iblei\/","url":"https:\/\/www.dimoradispartivento.it\/index.php\/percorsi-iblei\/","name":"Percorsi - La Dimora di Spartivento","isPartOf":{"@id":"https:\/\/www.dimoradispartivento.it\/#website"},"datePublished":"2024-05-01T16:29:58+00:00","dateModified":"2024-10-11T10:40:29+00:00","description":"La Dimora di Spartivento ti porta alla scoperta di percorsi meravigliosi, tra Ragusa, Modica, Scicli, Caltagirone e Marina di Ragusa.","breadcrumb":{"@id":"https:\/\/www.dimoradispartivento.it\/index.php\/percorsi-iblei\/#breadcrumb"},"inLanguage":"it-IT","potentialAction":[{"@type":"ReadAction","target":["https:\/\/www.dimoradispartivento.it\/index.php\/percorsi-iblei\/"]}]},{"@type":"BreadcrumbList","@id":"https:\/\/www.dimoradispartivento.it\/index.php\/percorsi-iblei\/#breadcrumb","itemListElement":[{"@type":"ListItem","position":1,"name":"Home","item":"https:\/\/www.dimoradispartivento.it\/"},{"@type":"ListItem","position":2,"name":"Percorsi"}]},{"@type":"WebSite","@id":"https:\/\/www.dimoradispartivento.it\/#website","url":"https:\/\/www.dimoradispartivento.it\/","name":"La Dimora di Spartivento","description":"","publisher":{"@id":"https:\/\/www.dimoradispartivento.it\/#organization"},"potentialAction":[{"@type":"SearchAction","target":{"@type":"EntryPoint","urlTemplate":"https:\/\/www.dimoradispartivento.it\/?s={search_term_string}"},"query-input":{"@type":"PropertyValueSpecification","valueRequired":true,"valueName":"search_term_string"}}],"inLanguage":"it-IT"},{"@type":"Organization","@id":"https:\/\/www.dimoradispartivento.it\/#organization","name":"La Dimora di Spartivento","url":"https:\/\/www.dimoradispartivento.it\/","logo":{"@type":"ImageObject","inLanguage":"it-IT","@id":"https:\/\/www.dimoradispartivento.it\/#\/schema\/logo\/image\/","url":"https:\/\/pedantic-elbakyan.188-165-233-156.plesk.page\/wp-content\/uploads\/2024\/05\/Logo.jpg","contentUrl":"https:\/\/pedantic-elbakyan.188-165-233-156.plesk.page\/wp-content\/uploads\/2024\/05\/Logo.jpg","width":180,"height":198,"caption":"La Dimora di Spartivento"},"image":{"@id":"https:\/\/www.dimoradispartivento.it\/#\/schema\/logo\/image\/"},"sameAs":["https:\/\/www.facebook.com\/dimoradispartivento","https:\/\/www.instagram.com\/dimora_di_spartivento"]}]}},"_links":{"self":[{"href":"https:\/\/www.dimoradispartivento.it\/index.php\/wp-json\/wp\/v2\/pages\/226","targetHints":{"allow":["GET"]}}],"collection":[{"href":"https:\/\/www.dimoradispartivento.it\/index.php\/wp-json\/wp\/v2\/pages"}],"about":[{"href":"https:\/\/www.dimoradispartivento.it\/index.php\/wp-json\/wp\/v2\/types\/page"}],"author":[{"embeddable":true,"href":"https:\/\/www.dimoradispartivento.it\/index.php\/wp-json\/wp\/v2\/users\/1"}],"replies":[{"embeddable":true,"href":"https:\/\/www.dimoradispartivento.it\/index.php\/wp-json\/wp\/v2\/comments?post=226"}],"version-history":[{"count":23,"href":"https:\/\/www.dimoradispartivento.it\/index.php\/wp-json\/wp\/v2\/pages\/226\/revisions"}],"predecessor-version":[{"id":640,"href":"https:\/\/www.dimoradispartivento.it\/index.php\/wp-json\/wp\/v2\/pages\/226\/revisions\/640"}],"wp:attachment":[{"href":"https:\/\/www.dimoradispartivento.it\/index.php\/wp-json\/wp\/v2\/media?parent=226"}],"curies":[{"name":"wp","href":"https:\/\/api.w.org\/{rel}","templated":true}]}}